{"id":18,"date":"2026-03-04T21:54:51","date_gmt":"2026-03-04T21:54:51","guid":{"rendered":"https:\/\/artei.fr\/?page_id=18"},"modified":"2026-03-04T21:54:52","modified_gmt":"2026-03-04T21:54:52","slug":"accueil","status":"publish","type":"page","link":"https:\/\/artei.fr\/","title":{"rendered":"Accueil"},"content":{"rendered":"\n<p>Le site d&rsquo;Artei, est en cours de mise \u00e0 jour. Il revient tr\u00e8s vite avec de nouvelles informations.<\/p>\n\n\n\n<p>A tr\u00e8s vite.<\/p>\n\n\n\n<figure class=\"wp-block-image size-large\"><img fetchpriority=\"high\" decoding=\"async\" width=\"1024\" height=\"683\" src=\"https:\/\/artei.fr\/wp-content\/uploads\/2026\/03\/Designer-1-1024x683.png\" alt=\"Image indiquant que le site d'Artei est en cours de maintenance\" class=\"wp-image-19\" srcset=\"https:\/\/artei.fr\/wp-content\/uploads\/2026\/03\/Designer-1-1024x683.png 1024w, https:\/\/artei.fr\/wp-content\/uploads\/2026\/03\/Designer-1-300x200.png 300w, https:\/\/artei.fr\/wp-content\/uploads\/2026\/03\/Designer-1-768x512.png 768w, https:\/\/artei.fr\/wp-content\/uploads\/2026\/03\/Designer-1-1000x667.png 1000w, https:\/\/artei.fr\/wp-content\/uploads\/2026\/03\/Designer-1-840x560.png 840w, https:\/\/artei.fr\/wp-content\/uploads\/2026\/03\/Designer-1-600x400.png 600w, https:\/\/artei.fr\/wp-content\/uploads\/2026\/03\/Designer-1-1200x800.png 1200w, https:\/\/artei.fr\/wp-content\/uploads\/2026\/03\/Designer-1.png 1536w\" sizes=\"(max-width: 1024px) 100vw, 1024px\" \/><\/figure>\n","protected":false},"excerpt":{"rendered":"<p>Le site d&rsquo;Artei, est en cours de mise \u00e0 jour. Il revient tr\u00e8s vite avec de nouvelles informations. A tr\u00e8s vite.<\/p>\n","protected":false},"author":1,"featured_media":0,"parent":0,"menu_order":0,"comment_status":"closed","ping_status":"closed","template":"","meta":{"inspiro_page_layout":"narrow","inspiro_hide_title":false,"footnotes":""},"class_list":["post-18","page","type-page","status-publish","hentry"],"_links":{"self":[{"href":"https:\/\/artei.fr\/index.php?rest_route=\/wp\/v2\/pages\/18","targetHints":{"allow":["GET"]}}],"collection":[{"href":"https:\/\/artei.fr\/index.php?rest_route=\/wp\/v2\/pages"}],"about":[{"href":"https:\/\/artei.fr\/index.php?rest_route=\/wp\/v2\/types\/page"}],"author":[{"embeddable":true,"href":"https:\/\/artei.fr\/index.php?rest_route=\/wp\/v2\/users\/1"}],"replies":[{"embeddable":true,"href":"https:\/\/artei.fr\/index.php?rest_route=%2Fwp%2Fv2%2Fcomments&post=18"}],"version-history":[{"count":1,"href":"https:\/\/artei.fr\/index.php?rest_route=\/wp\/v2\/pages\/18\/revisions"}],"predecessor-version":[{"id":20,"href":"https:\/\/artei.fr\/index.php?rest_route=\/wp\/v2\/pages\/18\/revisions\/20"}],"wp:attachment":[{"href":"https:\/\/artei.fr\/index.php?rest_route=%2Fwp%2Fv2%2Fmedia&parent=18"}],"curies":[{"name":"wp","href":"https:\/\/api.w.org\/{rel}","templated":true}]}}